{"id":73,"date":"2023-06-07T16:07:26","date_gmt":"2023-06-07T16:07:26","guid":{"rendered":"http:\/\/raf-mix.pl\/?page_id=73"},"modified":"2023-06-30T09:47:25","modified_gmt":"2023-06-30T09:47:25","slug":"kontakt","status":"publish","type":"page","link":"https:\/\/raf-mix.pl\/?page_id=73","title":{"rendered":"Kontakt"},"content":{"rendered":"<p>[et_pb_section fb_built=&#8221;1&#8243; _builder_version=&#8221;4.21.0&#8243; _module_preset=&#8221;default&#8221; background_image=&#8221;https:\/\/raf-mix.pl\/wp-content\/uploads\/2023\/06\/Projekt-bez-nazwy6.png&#8221; parallax=&#8221;on&#8221; animation_style=&#8221;fade&#8221; global_colors_info=&#8221;{}&#8221;][et_pb_row column_structure=&#8221;1_2,1_2&#8243; _builder_version=&#8221;4.21.0&#8243; _module_preset=&#8221;default&#8221; animation_style=&#8221;fade&#8221; global_colors_info=&#8221;{}&#8221;][et_pb_column type=&#8221;1_2&#8243; _builder_version=&#8221;4.21.0&#8243; _module_preset=&#8221;default&#8221; global_colors_info=&#8221;{}&#8221;][et_pb_text _builder_version=&#8221;4.21.0&#8243; _module_preset=&#8221;default&#8221; text_font=&#8221;Athiti||||||||&#8221; text_text_color=&#8221;#FFFFFF&#8221; text_font_size=&#8221;23px&#8221; global_colors_info=&#8221;{}&#8221;]<\/p>\n<p style=\"text-align: center;\"><strong>NASZ ADRES:<\/strong><\/p>\n<p style=\"text-align: center;\">Firma Handlowo-Us\u0142ugowa Raf-Mix Rafa\u0142 G\u00f3rski<br \/>ul. Che\u0142mi\u0144ska 2a<br \/>86-100 \u015awiecie<\/p>\n<p>[\/et_pb_text][\/et_pb_column][et_pb_column type=&#8221;1_2&#8243; _builder_version=&#8221;4.21.0&#8243; _module_preset=&#8221;default&#8221; global_colors_info=&#8221;{}&#8221;][et_pb_text _builder_version=&#8221;4.21.0&#8243; _module_preset=&#8221;default&#8221; text_font=&#8221;Athiti||||||||&#8221; text_text_color=&#8221;#FFFFFF&#8221; text_font_size=&#8221;23px&#8221; global_colors_info=&#8221;{}&#8221;]<\/p>\n<p style=\"text-align: center;\"><strong>ZADZWO\u0143 DO NAS:<\/strong><\/p>\n<p style=\"text-align: center;\">tel. <strong>52 331 09 65<br \/><\/strong>mobile:<strong> 504 259 191, 509 348 360<br \/><\/strong><\/p>\n<p>[\/et_pb_text][\/et_pb_column][\/et_pb_row][et_pb_row _builder_version=&#8221;4.21.0&#8243; _module_preset=&#8221;default&#8221; global_colors_info=&#8221;{}&#8221;][et_pb_column type=&#8221;4_4&#8243; _builder_version=&#8221;4.21.0&#8243; _module_preset=&#8221;default&#8221; global_colors_info=&#8221;{}&#8221;][et_pb_text _builder_version=&#8221;4.21.0&#8243; _module_preset=&#8221;default&#8221; text_font=&#8221;Athiti||||||||&#8221; text_text_color=&#8221;#FFFFFF&#8221; text_font_size=&#8221;29px&#8221; global_colors_info=&#8221;{}&#8221;]<\/p>\n<p style=\"text-align: center;\">WY\u015aLIJ DO NAS WIADOMO\u015a\u0106: <strong>raf-mix@raf-mix.pl<\/strong><\/p>\n<p>[\/et_pb_text][\/et_pb_column][\/et_pb_row][et_pb_row _builder_version=&#8221;4.21.0&#8243; _module_preset=&#8221;default&#8221; global_colors_info=&#8221;{}&#8221;][et_pb_column type=&#8221;4_4&#8243; _builder_version=&#8221;4.21.0&#8243; _module_preset=&#8221;default&#8221; global_colors_info=&#8221;{}&#8221;][et_pb_contact_form success_message=&#8221;Dzi\u0119kujemy za przes\u0142anie wiadomo\u015bci! Nasi pracownicy odpowiedz\u0105 w najszybszym, mo\u017cliwym terminie.&#8221; submit_button_text=&#8221;WY\u015aLIJ WIADOMO\u015a\u0106&#8221; _builder_version=&#8221;4.21.0&#8243; _module_preset=&#8221;default&#8221; _unique_id=&#8221;4e3df276-4ccf-4269-8e0f-86d90dd7826d&#8221; form_field_background_color=&#8221;RGBA(255,255,255,0)&#8221; form_field_text_color=&#8221;#FFFFFF&#8221; captcha_text_color=&#8221;#FFFFFF&#8221; custom_button=&#8221;on&#8221; button_text_color=&#8221;#FFFFFF&#8221; form_field_text_shadow_style=&#8221;preset3&#8243; box_shadow_style=&#8221;preset1&#8243; box_shadow_color=&#8221;#FFFFFF&#8221; global_colors_info=&#8221;{}&#8221;][et_pb_contact_field field_id=&#8221;Name&#8221; field_title=&#8221;twoje imi\u0119&#8221; _builder_version=&#8221;4.21.0&#8243; global_colors_info=&#8221;{}&#8221; button_text_size__hover_enabled=&#8221;off&#8221; button_one_text_size__hover_enabled=&#8221;off&#8221; button_two_text_size__hover_enabled=&#8221;off&#8221; button_text_color__hover_enabled=&#8221;off&#8221; button_one_text_color__hover_enabled=&#8221;off&#8221; button_two_text_color__hover_enabled=&#8221;off&#8221; button_border_width__hover_enabled=&#8221;off&#8221; button_one_border_width__hover_enabled=&#8221;off&#8221; button_two_border_width__hover_enabled=&#8221;off&#8221; button_border_color__hover_enabled=&#8221;off&#8221; button_one_border_color__hover_enabled=&#8221;off&#8221; button_two_border_color__hover_enabled=&#8221;off&#8221; button_border_radius__hover_enabled=&#8221;off&#8221; button_one_border_radius__hover_enabled=&#8221;off&#8221; button_two_border_radius__hover_enabled=&#8221;off&#8221; button_letter_spacing__hover_enabled=&#8221;off&#8221; button_one_letter_spacing__hover_enabled=&#8221;off&#8221; button_two_letter_spacing__hover_enabled=&#8221;off&#8221; button_bg_color__hover_enabled=&#8221;off&#8221; button_one_bg_color__hover_enabled=&#8221;off&#8221; button_two_bg_color__hover_enabled=&#8221;off&#8221;][\/et_pb_contact_field][et_pb_contact_field field_id=&#8221;Email&#8221; field_title=&#8221;TW\u00d3J ADRES E-MAIL&#8221; field_type=&#8221;email&#8221; _builder_version=&#8221;4.21.0&#8243; global_colors_info=&#8221;{}&#8221; button_text_size__hover_enabled=&#8221;off&#8221; button_one_text_size__hover_enabled=&#8221;off&#8221; button_two_text_size__hover_enabled=&#8221;off&#8221; button_text_color__hover_enabled=&#8221;off&#8221; button_one_text_color__hover_enabled=&#8221;off&#8221; button_two_text_color__hover_enabled=&#8221;off&#8221; button_border_width__hover_enabled=&#8221;off&#8221; button_one_border_width__hover_enabled=&#8221;off&#8221; button_two_border_width__hover_enabled=&#8221;off&#8221; button_border_color__hover_enabled=&#8221;off&#8221; button_one_border_color__hover_enabled=&#8221;off&#8221; button_two_border_color__hover_enabled=&#8221;off&#8221; button_border_radius__hover_enabled=&#8221;off&#8221; button_one_border_radius__hover_enabled=&#8221;off&#8221; button_two_border_radius__hover_enabled=&#8221;off&#8221; button_letter_spacing__hover_enabled=&#8221;off&#8221; button_one_letter_spacing__hover_enabled=&#8221;off&#8221; button_two_letter_spacing__hover_enabled=&#8221;off&#8221; button_bg_color__hover_enabled=&#8221;off&#8221; button_one_bg_color__hover_enabled=&#8221;off&#8221; button_two_bg_color__hover_enabled=&#8221;off&#8221;][\/et_pb_contact_field][et_pb_contact_field field_id=&#8221;Message&#8221; field_title=&#8221;TRE\u015a\u0106 TWOJEJ WIADOMO\u015aCI&#8221; field_type=&#8221;text&#8221; fullwidth_field=&#8221;on&#8221; _builder_version=&#8221;4.21.0&#8243; global_colors_info=&#8221;{}&#8221; button_text_size__hover_enabled=&#8221;off&#8221; button_one_text_size__hover_enabled=&#8221;off&#8221; button_two_text_size__hover_enabled=&#8221;off&#8221; button_text_color__hover_enabled=&#8221;off&#8221; button_one_text_color__hover_enabled=&#8221;off&#8221; button_two_text_color__hover_enabled=&#8221;off&#8221; button_border_width__hover_enabled=&#8221;off&#8221; button_one_border_width__hover_enabled=&#8221;off&#8221; button_two_border_width__hover_enabled=&#8221;off&#8221; button_border_color__hover_enabled=&#8221;off&#8221; button_one_border_color__hover_enabled=&#8221;off&#8221; button_two_border_color__hover_enabled=&#8221;off&#8221; button_border_radius__hover_enabled=&#8221;off&#8221; button_one_border_radius__hover_enabled=&#8221;off&#8221; button_two_border_radius__hover_enabled=&#8221;off&#8221; button_letter_spacing__hover_enabled=&#8221;off&#8221; button_one_letter_spacing__hover_enabled=&#8221;off&#8221; button_two_letter_spacing__hover_enabled=&#8221;off&#8221; button_bg_color__hover_enabled=&#8221;off&#8221; button_one_bg_color__hover_enabled=&#8221;off&#8221; button_two_bg_color__hover_enabled=&#8221;off&#8221;][\/et_pb_contact_field][\/et_pb_contact_form][\/et_pb_column][\/et_pb_row][et_pb_row _builder_version=&#8221;4.21.0&#8243; _module_preset=&#8221;default&#8221; global_colors_info=&#8221;{}&#8221;][et_pb_column type=&#8221;4_4&#8243; _builder_version=&#8221;4.21.0&#8243; _module_preset=&#8221;default&#8221; global_colors_info=&#8221;{}&#8221;][et_pb_text _builder_version=&#8221;4.21.0&#8243; _module_preset=&#8221;default&#8221; text_font=&#8221;Athiti||||||||&#8221; text_text_color=&#8221;#FFFFFF&#8221; text_font_size=&#8221;29px&#8221; global_colors_info=&#8221;{}&#8221;]<\/p>\n<p style=\"text-align: center;\">GDZIE JESTE\u015aMY?<\/p>\n<p>[\/et_pb_text][\/et_pb_column][\/et_pb_row][et_pb_row _builder_version=&#8221;4.21.0&#8243; _module_preset=&#8221;default&#8221; global_colors_info=&#8221;{}&#8221;][et_pb_column type=&#8221;4_4&#8243; _builder_version=&#8221;4.21.0&#8243; _module_preset=&#8221;default&#8221; global_colors_info=&#8221;{}&#8221;][et_pb_code _builder_version=&#8221;4.21.0&#8243; _module_preset=&#8221;default&#8221; global_colors_info=&#8221;{}&#8221;]\n<div class=\"open-user-map\">\n\n  \n  <div class=\"box-wrap map-size-default map-size-mobile-square \">\n  \n  <div class=\"map-wrap\">\n    <div id=\"map-20210929\" class=\"leaflet-map map-style_Esri.WorldStreetMap\"><\/div>\n    \n    \n    \n    <script>\n      \n      var map_el = `map-20210929`;\n\n      if(document.getElementById(map_el)) {\n\n        var mapStyle = `Esri.WorldStreetMap`;\n        var marker_icon_url = `https:\/\/raf-mix.pl\/wp-content\/plugins\/open-user-map\/src\/leaflet\/images\/marker-icon_default-2x.png`;\n        var marker_shadow_url = `https:\/\/raf-mix.pl\/wp-content\/plugins\/open-user-map\/src\/leaflet\/images\/marker-shadow.png`;\n        var oum_enable_scrollwheel_zoom_map = false;\n        var oum_enable_cluster = true;\n        var oum_enable_fullscreen = true;\n\n        var oum_enable_searchbar = true;\n        var oum_searchbar_type = `address`;\n        \n        var oum_enable_searchaddress_button = true;\n        var oum_searchaddress_label = `Enter address`;\n\n        var oum_enable_searchmarkers_button = true;\n        var oum_searchmarkers_label = `Find marker`;\n        var oum_searchmarkers_zoom = `8`;\n\n        var oum_enable_currentlocation = false;\n        var oum_collapse_filter = false;\n        var oum_action_after_submit = `text`;\n        var thankyou_redirect = ``;\n        var start_lat = `53.395247004233`;\n        var start_lng = `18.405795693398`;\n        var start_zoom = `18`;\n        var oum_enable_fixed_map_bounds = ``;\n        var oum_minimum_zoom_level = ``;\n        var oum_use_settings_start_location = true;\n        var oum_has_regions = false;\n\n        var oum_location = {};\n        var locations_without_type = [];\n        var locations_by_type = [];\n        var custom_css = '';\n        var oumMap;\n\n        \/**\n         * Experimental: Conditional Fields\n         * \n         * Show or Hide a Custom Field based on the selected value of a field\n         * \n         * Example: oumConditionalField('[name=\"oum_marker_icon\"]', '[name=\"oum_location_custom_fields[1645650268221]\"]', ['30', '31'], ['']);\n         **\/\n        var oumConditionalField = (sourceField, targetField, condShow, condHide) => {\n          const sourceElement = document.querySelector(sourceField);\n          const targetElement = document.querySelector(targetField).parentElement; \/* works with custom fields only *\/\n\n          \/* trigger on change *\/\n          sourceElement.onchange = function(e) {\n            const val = this.value;\n            \n            console.log('OUM: run condition', {val, sourceField, targetField, condShow, condHide});\n            \n            if(condShow.includes(val)) {\n              targetElement.style.display = 'block';\n            }else if(condHide.includes(this.value)) {\n              targetElement.style.display = 'none';\n            }\n          }\n\n          \/* trigger initially *\/\n          let changeEvent = new Event('change');\n          sourceElement.dispatchEvent(changeEvent);\n        };\n        \n        \n        \n          \/* custom color *\/\n          custom_css += `\n            .open-user-map .add-location #close-add-location-overlay:hover {color: #2271b1 !important}\n            .open-user-map input.oum-switch[type=\"checkbox\"]:checked + label::before {background-color: #2271b1 !important}\n            .open-user-map .add-location .location-overlay-content #oum_add_location_thankyou h3 {color: #2271b1 !important}\n            .open-user-map .oum_location_text a {color: #2271b1 !important}\n            .open-user-map .oum-tabs {border-color: #2271b1 !important}\n            .open-user-map .oum-tabs .nav-item:hover {color: #2271b1 !important; border-color: #2271b1 !important}\n            .open-user-map .oum-tabs .nav-item.active {color: #2271b1 !important; border-color: #2271b1 !important}`;\n\n        \n        \n        \n        var custom_style = document.createElement('style');\n\n        if (custom_style.styleSheet) {\n          custom_style.styleSheet.cssText = custom_css;\n        } else {\n          custom_style.appendChild(document.createTextNode(custom_css));\n        }\n\n        document.getElementsByTagName('head')[0].appendChild(custom_style);\n\n\n                  \n          oum_location = {\n            title: `Nasza lokalizacja`,\n            lat: `53.39524825`,\n            lng: `18.405794853661`,\n            content: `<div class=\"oum_location_text\"><div class=\"oum_location_address\"><a title=\"go to Google Maps\" href=\"https:\/\/www.google.com\/maps\/search\/?api=1&amp;query=53.39524825%2C18.405794853661\" target=\"_blank\">2a, Che\u0142mi\u0144ska, Przechowo, \u015awiecie, gmina \u015awiecie, powiat \u015bwiecki, wojew\u00f3dztwo kujawsko-pomorskie, 86-105, Polska<\/a><\/div><h3 class=\"oum_location_name\">Nasza lokalizacja<\/h3><div class=\"oum_location_custom_fields\"><\/div><div class=\"oum_location_description\"><\/div><\/div>`,\n            icon: `https:\/\/raf-mix.pl\/wp-content\/plugins\/open-user-map\/src\/leaflet\/images\/marker-icon_default-2x.png`,\n            type: ``,\n            post_id: `170`,\n          };\n\n          \n            locations_without_type.push(oum_location);\n\n          \n        \n      }\n\n    <\/script>\n  <\/div>\n\n  <\/div>\n<\/div>[\/et_pb_code][\/et_pb_column][\/et_pb_row][\/et_pb_section]<\/p>\n","protected":false},"excerpt":{"rendered":"<p>NASZ ADRES: Firma Handlowo-Us\u0142ugowa Raf-Mix Rafa\u0142 G\u00f3rskiul. Che\u0142mi\u0144ska 2a86-100 \u015awiecieZADZWO\u0143 DO NAS: tel. 52 331 09 65mobile: 504 259 191, 509 348 360WY\u015aLIJ DO NAS WIADOMO\u015a\u0106: raf-mix@raf-mix.plGDZIE JESTE\u015aMY?<\/p>\n","protected":false},"author":1,"featured_media":0,"parent":0,"menu_order":0,"comment_status":"closed","ping_status":"closed","template":"page-template-fullwidth.php","meta":{"_et_pb_use_builder":"on","_et_pb_old_content":"<!-- wp:divi\/placeholder \/-->","_et_gb_content_width":""},"_links":{"self":[{"href":"https:\/\/raf-mix.pl\/index.php?rest_route=\/wp\/v2\/pages\/73"}],"collection":[{"href":"https:\/\/raf-mix.pl\/index.php?rest_route=\/wp\/v2\/pages"}],"about":[{"href":"https:\/\/raf-mix.pl\/index.php?rest_route=\/wp\/v2\/types\/page"}],"author":[{"embeddable":true,"href":"https:\/\/raf-mix.pl\/index.php?rest_route=\/wp\/v2\/users\/1"}],"replies":[{"embeddable":true,"href":"https:\/\/raf-mix.pl\/index.php?rest_route=%2Fwp%2Fv2%2Fcomments&post=73"}],"version-history":[{"count":5,"href":"https:\/\/raf-mix.pl\/index.php?rest_route=\/wp\/v2\/pages\/73\/revisions"}],"predecessor-version":[{"id":200,"href":"https:\/\/raf-mix.pl\/index.php?rest_route=\/wp\/v2\/pages\/73\/revisions\/200"}],"wp:attachment":[{"href":"https:\/\/raf-mix.pl\/index.php?rest_route=%2Fwp%2Fv2%2Fmedia&parent=73"}],"curies":[{"name":"wp","href":"https:\/\/api.w.org\/{rel}","templated":true}]}}