{"id":63,"date":"2023-06-07T16:05:41","date_gmt":"2023-06-07T16:05:41","guid":{"rendered":"http:\/\/raf-mix.pl\/?page_id=63"},"modified":"2023-07-04T09:01:14","modified_gmt":"2023-07-04T09:01:14","slug":"elektronarzedzia","status":"publish","type":"page","link":"https:\/\/raf-mix.pl\/?page_id=63","title":{"rendered":"Elektronarz\u0119dzia"},"content":{"rendered":"<p>[et_pb_section fb_built=&#8221;1&#8243; _builder_version=&#8221;4.21.0&#8243; _module_preset=&#8221;default&#8221; background_image=&#8221;https:\/\/raf-mix.pl\/wp-content\/uploads\/2023\/06\/Projekt-bez-nazwy6.png&#8221; global_colors_info=&#8221;{}&#8221;][et_pb_row _builder_version=&#8221;4.21.0&#8243; _module_preset=&#8221;default&#8221; global_colors_info=&#8221;{}&#8221;][et_pb_column type=&#8221;4_4&#8243; _builder_version=&#8221;4.21.0&#8243; _module_preset=&#8221;default&#8221; global_colors_info=&#8221;{}&#8221;][et_pb_text _builder_version=&#8221;4.21.0&#8243; _module_preset=&#8221;default&#8221; text_font=&#8221;Athiti||||||||&#8221; text_text_color=&#8221;#FFFFFF&#8221; text_font_size=&#8221;24px&#8221; global_colors_info=&#8221;{}&#8221;]<\/p>\n<p style=\"text-align: center;\"><strong>Oferujemy:<\/strong><br \/>1. Elektronarz\u0119dzia r\u0119czne<br \/>2. Pi\u0142y tarczowe<\/p>\n<p>[\/et_pb_text][\/et_pb_column][\/et_pb_row][et_pb_row _builder_version=&#8221;4.21.0&#8243; _module_preset=&#8221;default&#8221; global_colors_info=&#8221;{}&#8221;][et_pb_column type=&#8221;4_4&#8243; _builder_version=&#8221;4.21.0&#8243; _module_preset=&#8221;default&#8221; global_colors_info=&#8221;{}&#8221;][et_pb_image src=&#8221;https:\/\/raf-mix.pl\/wp-content\/uploads\/2023\/07\/en1.png&#8221; title_text=&#8221;en1&#8243; align=&#8221;center&#8221; _builder_version=&#8221;4.21.0&#8243; _module_preset=&#8221;default&#8221; hover_enabled=&#8221;0&#8243; global_colors_info=&#8221;{}&#8221; box_shadow_style=&#8221;preset3&#8243; box_shadow_color=&#8221;#FFFFFF&#8221; sticky_enabled=&#8221;0&#8243;][\/et_pb_image][\/et_pb_column][\/et_pb_row][\/et_pb_section]<\/p>\n","protected":false},"excerpt":{"rendered":"<p>Oferujemy:1. Elektronarz\u0119dzia r\u0119czne2. Pi\u0142y tarczowe<\/p>\n","protected":false},"author":1,"featured_media":0,"parent":0,"menu_order":0,"comment_status":"closed","ping_status":"closed","template":"page-template-fullwidth.php","meta":{"_et_pb_use_builder":"on","_et_pb_old_content":"<!-- wp:divi\/placeholder \/-->","_et_gb_content_width":""},"_links":{"self":[{"href":"https:\/\/raf-mix.pl\/index.php?rest_route=\/wp\/v2\/pages\/63"}],"collection":[{"href":"https:\/\/raf-mix.pl\/index.php?rest_route=\/wp\/v2\/pages"}],"about":[{"href":"https:\/\/raf-mix.pl\/index.php?rest_route=\/wp\/v2\/types\/page"}],"author":[{"embeddable":true,"href":"https:\/\/raf-mix.pl\/index.php?rest_route=\/wp\/v2\/users\/1"}],"replies":[{"embeddable":true,"href":"https:\/\/raf-mix.pl\/index.php?rest_route=%2Fwp%2Fv2%2Fcomments&post=63"}],"version-history":[{"count":6,"href":"https:\/\/raf-mix.pl\/index.php?rest_route=\/wp\/v2\/pages\/63\/revisions"}],"predecessor-version":[{"id":242,"href":"https:\/\/raf-mix.pl\/index.php?rest_route=\/wp\/v2\/pages\/63\/revisions\/242"}],"wp:attachment":[{"href":"https:\/\/raf-mix.pl\/index.php?rest_route=%2Fwp%2Fv2%2Fmedia&parent=63"}],"curies":[{"name":"wp","href":"https:\/\/api.w.org\/{rel}","templated":true}]}}